{"id":190,"date":"2025-07-10T07:46:16","date_gmt":"2025-07-10T07:46:16","guid":{"rendered":"https:\/\/learnwithjordi.com\/?page_id=190"},"modified":"2025-07-10T07:47:14","modified_gmt":"2025-07-10T07:47:14","slug":"avis-legal","status":"publish","type":"page","link":"https:\/\/learnwithjordi.com\/es\/avis-legal\/","title":{"rendered":"Av\u00eds legal"},"content":{"rendered":"<div data-elementor-type=\"wp-post\" data-elementor-id=\"190\" class=\"elementor elementor-190\" data-elementor-post-type=\"page\">\n\t\t\t\t\t\t<section class=\"elementor-section elementor-top-section elementor-element elementor-element-15f76e5 elementor-section-boxed elementor-section-height-default elementor-section-height-default\" data-id=\"15f76e5\" data-element_type=\"section\" data-settings=\"{&quot;background_background&quot;:&quot;classic&quot;}\">\n\t\t\t\t\t\t<div class=\"elementor-container elementor-column-gap-default\">\n\t\t\t\t\t<div class=\"elementor-column elementor-col-100 elementor-top-column elementor-element elementor-element-fa24c8b\" data-id=\"fa24c8b\" data-element_type=\"column\">\n\t\t\t<div class=\"elementor-widget-wrap elementor-element-populated\">\n\t\t\t\t\t\t<div class=\"elementor-element elementor-element-31581a2 elementor-widget elementor-widget-spacer\" data-id=\"31581a2\" data-element_type=\"widget\" data-widget_type=\"spacer.default\">\n\t\t\t\t<div class=\"elementor-widget-container\">\n\t\t\t\t\t\t\t<div class=\"elementor-spacer\">\n\t\t\t<div class=\"elementor-spacer-inner\"><\/div>\n\t\t<\/div>\n\t\t\t\t\t\t<\/div>\n\t\t\t\t<\/div>\n\t\t\t\t\t<\/div>\n\t\t<\/div>\n\t\t\t\t\t<\/div>\n\t\t<\/section>\n\t\t\t\t<section class=\"elementor-section elementor-top-section elementor-element elementor-element-64f14ad elementor-section-boxed elementor-section-height-default elementor-section-height-default\" data-id=\"64f14ad\" data-element_type=\"section\" data-settings=\"{&quot;background_background&quot;:&quot;classic&quot;}\">\n\t\t\t\t\t\t<div class=\"elementor-container elementor-column-gap-wider\">\n\t\t\t\t\t<div class=\"elementor-column elementor-col-100 elementor-top-column elementor-element elementor-element-04b5707\" data-id=\"04b5707\" data-element_type=\"column\">\n\t\t\t<div class=\"elementor-widget-wrap elementor-element-populated\">\n\t\t\t\t\t\t<div class=\"elementor-element elementor-element-a547a1a elementor-widget elementor-widget-spacer\" data-id=\"a547a1a\" data-element_type=\"widget\" data-widget_type=\"spacer.default\">\n\t\t\t\t<div class=\"elementor-widget-container\">\n\t\t\t\t\t\t\t<div class=\"elementor-spacer\">\n\t\t\t<div class=\"elementor-spacer-inner\"><\/div>\n\t\t<\/div>\n\t\t\t\t\t\t<\/div>\n\t\t\t\t<\/div>\n\t\t\t\t<div class=\"elementor-element elementor-element-537d78c elementor-widget elementor-widget-heading\" data-id=\"537d78c\" data-element_type=\"widget\" data-widget_type=\"heading.default\">\n\t\t\t\t<div class=\"elementor-widget-container\">\n\t\t\t\t\t<h2 class=\"elementor-heading-title elementor-size-default\">AVISO LEGAL<\/h2>\t\t\t\t<\/div>\n\t\t\t\t<\/div>\n\t\t\t\t<div class=\"elementor-element elementor-element-9f8ef78 elementor-widget elementor-widget-text-editor\" data-id=\"9f8ef78\" data-element_type=\"widget\" data-widget_type=\"text-editor.default\">\n\t\t\t\t<div class=\"elementor-widget-container\">\n\t\t\t\t\t\t\t\t\t<div class=\"page\" title=\"Page 1\"><div class=\"section\"><div class=\"layoutArea\"><div class=\"column\"><div class=\"page\" title=\"Page 1\"><div class=\"section\"><div class=\"layoutArea\"><div class=\"column\"><div class=\"page\" title=\"Page 1\"><div class=\"section\"><div class=\"layoutArea\"><div class=\"column\"><p class=\"p2\">Amb la finalitat de donar compliment a l\u2019article 10 de la Llei 34\/2002 de Serveis de la Societat de la Informaci\u00f3 i del Comer\u00e7 Electr\u00f2nic, informem els usuaris de les nostres dades:<\/p><p class=\"p2\"><b>Denominaci\u00f3 Social:<\/b> JORDI BOV\u00c9 S\u00c1NCHEZ<br \/><b>Domicili Social:<\/b> CARRER VENE\u00c7UELA 16 3R 3A, 08019 BARCELONA (Barcelona)<br \/><b>NIF:<\/b> 47768554S<br \/><b>Tel\u00e8fon:<\/b> 638313285<br \/><b>E-Mail:<\/b> duwey123@gmail.com<br \/><b>Lloc Web:<\/b> <a href=\"https:\/\/learnwithjordi.com\/es\/\">https:\/\/www.learnwithjordi.com<\/a> <br \/><br \/><\/p><p class=\"p3\"><b>1. OBJECTE<\/b><\/p><p class=\"p2\">JORDI BOV\u00c9 S\u00c1NCHEZ (en endavant tamb\u00e9 el prestador), com a responsable del lloc web, <a href=\"https:\/\/learnwithjordi.com\/es\/\">https:\/\/www.learnwithjordi.com<\/a> posa a disposici\u00f3 dels usuaris aquest document, que regula l&#8217;\u00fas del lloc web , amb el qual pretenem donar compliment a les obligacions disposades a la Llei 34\/2002, de Serveis de la Societat de la Informaci\u00f3 i del Comer\u00e7 Electr\u00f2nic (LSSICE o LSSI), aix\u00ed com informar tots els usuaris del lloc web respecte a quines s\u00f3n les condicions d\u2019\u00fas del lloc web.<\/p><p class=\"p2\">A trav\u00e9s de la web, JORDI BOV\u00c9 S\u00c1NCHEZ facilita als usuaris l\u2019acc\u00e9s i \u00fas de diferents serveis i continguts posats a disposici\u00f3 a trav\u00e9s de la mateixa.<\/p><p class=\"p2\">Tota persona que accedeixi a aquesta web assumeix el paper d\u2019usuari (en endavant, l\u2019usuari), i implica l\u2019acceptaci\u00f3 total i sense reserves de totes i cadascuna de les disposicions incloses en aquest av\u00eds legal, aix\u00ed com qualsevol altra disposici\u00f3 legal que sigui d\u2019aplicaci\u00f3.<\/p><p class=\"p2\">Com a usuaris, heu de llegir atentament aquest Av\u00eds Legal en qualsevol de les ocasions que entreu a la web, ja que pot patir modificacions, at\u00e8s que el prestador es reserva el dret a modificar qualsevol tipus d\u2019informaci\u00f3 que pogu\u00e9s apar\u00e8ixer al web, sense que hi hagi l\u2019obligaci\u00f3 d\u2019avisar o posar en coneixement dels usuaris aquestes modificacions, essent suficient la publicaci\u00f3 al lloc web del prestador.<\/p><p class=\"p3\"><b>2. CONDICIONS D&#8217;ACC\u00c9S I \u00daS DE LA WEB<\/b><\/p><p class=\"p4\"><b>2.1. Car\u00e0cter gratu\u00eft de l\u2019acc\u00e9s i \u00fas de la web<\/b><\/p><p class=\"p2\">La prestaci\u00f3 dels serveis per part de JORDI BOV\u00c9 S\u00c1NCHEZ t\u00e9 car\u00e0cter gratu\u00eft per a tots els usuaris. No obstant aix\u00f2, alguns dels serveis subministrats pel prestador a trav\u00e9s de la web poden estar subjectes al pagament d\u2019un preu determinat segons les condicions generals de contractaci\u00f3.<\/p><p class=\"p4\"><b>2.2. Registre d\u2019Usuari<\/b><\/p><p class=\"p2\">Amb car\u00e0cter general, la prestaci\u00f3 dels serveis no exigeix la pr\u00e8via subscripci\u00f3 o registre dels usuaris. Tot i aix\u00f2, JORDI BOV\u00c9 S\u00c1NCHEZ condiciona l\u2019\u00fas d\u2019alguns dels serveis a la pr\u00e8via complementaci\u00f3 del corresponent registre d\u2019usuari. Aquest registre s\u2019efectuar\u00e0 en la forma expressament indicada a la pr\u00f2pia secci\u00f3 del servei.<\/p><p class=\"p4\"><b>2.3. Veracitat de la informaci\u00f3<\/b><\/p><p class=\"p2\">Tota la informaci\u00f3 que faciliti l\u2019usuari ha de ser vera\u00e7. A aquests efectes, l\u2019usuari garanteix l\u2019autenticitat de les dades comunicades a trav\u00e9s dels formularis per a la subscripci\u00f3 dels serveis. Ser\u00e0 responsabilitat de l\u2019usuari mantenir tota la informaci\u00f3 facilitada a JORDI BOV\u00c9 S\u00c1NCHEZ degudament actualitzada de manera que respongui, en cada moment, a la seva situaci\u00f3 real. En qualsevol cas, l\u2019usuari ser\u00e0 l\u2019\u00fanic responsable de les manifestacions falses o inexactes que realitzi i dels perjudicis que causi al prestador o a tercers.<\/p><p class=\"p4\"><b>2.4. Menors d\u2019edat<\/b><\/p><p class=\"p2\">Per a l\u2019\u00fas dels serveis, els menors d\u2019edat han d\u2019obtenir sempre pr\u00e8viament el consentiment dels seus pares, tutors o representants legals, responsables \u00faltims de tots els actes realitzats pels menors al seu c\u00e0rrec. La responsabilitat en la determinaci\u00f3 de continguts concrets als quals accedeixin els menors correspon a aquests; per aix\u00f2, si accedeixen a continguts no apropiats per Internet, s\u2019hauran d\u2019establir als seus ordinadors mecanismes, en particular programes inform\u00e0tics, filtres i bloquejos, que permetin limitar els continguts disponibles i, encara que no siguin infal\u00b7libles, s\u00f3n especialment \u00fatils per controlar i restringir els materials als quals poden accedir els menors.<\/p><p class=\"p4\"><b>2.5. Obligaci\u00f3 de fer un \u00fas correcte de la web<\/b><\/p><p class=\"p2\">L\u2019usuari es compromet a utilitzar la web de conformitat amb la llei i el present Av\u00eds Legal, aix\u00ed com amb la moral i les bones costums. A aquest efecte, l\u2019usuari s\u2019abstindr\u00e0 d\u2019utilitzar la p\u00e0gina amb finalitats il\u00b7l\u00edcites o prohibides, lesives de drets i interessos de tercers, o que de qualsevol forma puguin danyar, inutilitzar, sobrecarregar, deteriorar o impedir la normal utilitzaci\u00f3 d\u2019equips inform\u00e0tics o documents, arxius i tota mena de continguts emmagatzemats en qualsevol equip inform\u00e0tic del prestador.<\/p><p class=\"p2\">En particular, i a t\u00edtol indicatiu per\u00f2 no exhaustiu, l\u2019usuari es compromet a no transmetre, difondre o posar a disposici\u00f3 de tercers informacions, dades, continguts, missatges, gr\u00e0fics, dibuixos, arxius de so o imatge, fotografies, gravacions, programari i, en general, qualsevol classe de material que:<\/p><p class=\"p2\">(a) sigui contrari, menyspre\u00ef o atempti contra els drets fonamentals i les llibertats p\u00fabliques reconegudes constitucionalment, en tractats internacionals i altres normes vigents;<br \/>(b) indueixi, inciti o promogui actuacions delictives, denigrants, difamat\u00f2ries, violentes o, en general, contr\u00e0ries a la llei, a la moral i a l\u2019ordre p\u00fablic;<br \/>(c) indueixi, inciti o promogui actuacions, actituds o pensaments discriminatoris per ra\u00f3 de sexe, ra\u00e7a, religi\u00f3, creences, edat o condici\u00f3;<br \/>(d) sigui contrari al dret a l\u2019honor, a la intimitat personal o familiar o a la pr\u00f2pia imatge de les persones;<br \/>(e) de qualsevol manera perjudiqui la credibilitat del prestador o de tercers; i<br \/>(f) constitueixi publicitat il\u00b7l\u00edcita, enganyosa o deslleial.<\/p><p class=\"p3\"><b>3. EXCLUSI\u00d3 DE GARANTIES I RESPONSABILITAT<\/b><\/p><p class=\"p2\">El prestador s\u2019eximeix de qualsevol tipus de responsabilitat derivada de la informaci\u00f3 publicada al nostre lloc web, sempre que aquesta informaci\u00f3 hagi estat manipulada o introdu\u00efda per un tercer ali\u00e8.<\/p><p class=\"p2\">Aquesta web ha estat revisada i provada per tal que funcioni correctament. En principi, es pot garantir el correcte funcionament els 365 dies de l\u2019any, 24 hores al dia. No obstant aix\u00f2, el prestador no descarta la possibilitat que existeixin determinats errors de programaci\u00f3, o que es produeixin causes de for\u00e7a major, cat\u00e0strofes naturals, vagues o circumst\u00e0ncies semblants que facin impossible l\u2019acc\u00e9s a la p\u00e0gina web.<\/p><p class=\"p2\">JORDI BOV\u00c9 S\u00c1NCHEZ no atorga cap garantia ni es fa responsable, en cap cas, dels danys i perjudicis de qualsevol naturalesa que puguin derivar-se de la manca de disponibilitat, manteniment i efectiu funcionament de la web o dels seus serveis i continguts; de l\u2019exist\u00e8ncia de virus, programes maliciosos o nocius en els continguts; de l\u2019\u00fas il\u00b7l\u00edcit, negligent, fraudulent o contrari a aquest Av\u00eds Legal i condicions d\u2019\u00fas; o de la manca de licitud, qualitat, fiabilitat, utilitat i disponibilitat dels serveis prestats per tercers i posats a disposici\u00f3 dels usuaris al lloc web.<\/p><p class=\"p2\">El prestador no es fa responsable, en cap concepte, dels danys que es puguin derivar de l\u2019\u00fas il\u00b7legal o indegut de la present p\u00e0gina web.<\/p><p class=\"p3\"><b>4. COOKIES<\/b><\/p><p class=\"p2\">El lloc web del prestador pot utilitzar cookies (petits arxius d\u2019informaci\u00f3 que el servidor envia a l\u2019ordinador de qui accedeix a la p\u00e0gina) per dur a terme determinades funcions que s\u00f3n considerades imprescindibles per al correcte funcionament i visualitzaci\u00f3 del lloc. Les cookies utilitzades tenen, en tot cas, car\u00e0cter temporal, amb l\u2019\u00fanica finalitat de fer m\u00e9s efica\u00e7 la navegaci\u00f3, i desapareixen en acabar la sessi\u00f3 de l\u2019usuari.<\/p><p class=\"p2\">En cap cas s\u2019utilitzaran les cookies per recollir informaci\u00f3 de car\u00e0cter personal. Per a m\u00e9s informaci\u00f3, consulteu la nostra Pol\u00edtica de Cookies.<\/p><p class=\"p3\"><b>5. ENLLA\u00c7OS (LINKS)<\/b><\/p><p class=\"p2\">Des del lloc web \u00e9s possible que es redirigeixi a continguts patrocinats, anuncis i\/o enlla\u00e7os d\u2019afiliats i\/o de terceres webs. Entre els enlla\u00e7os facilitats, hi ha la possibilitat d\u2019informar o fer refer\u00e8ncia a productes i\/o serveis de tercers. At\u00e8s que des de la web no es poden controlar els continguts introdu\u00efts per tercers, JORDI BOV\u00c9 S\u00c1NCHEZ no assumeix cap tipus de responsabilitat respecte a aquests continguts, ni garanteix l\u2019experi\u00e8ncia, integritat o qualitat dels seus productes. En tot cas, el prestador manifesta que procedir\u00e0 a la retirada immediata de qualsevol contingut que pugui contravenir la legislaci\u00f3 nacional o internacional, la moral o l\u2019ordre p\u00fablic, procedint a la retirada immediata de la re-direcci\u00f3 a aquestes webs i posant en coneixement de les autoritats competents el contingut en q\u00fcesti\u00f3.<\/p><p class=\"p2\">JORDI BOV\u00c9 S\u00c1NCHEZ tindr\u00e0 publicats aquests enlla\u00e7os fins que siguin eliminats o suspesos pel prestador o per l\u2019anunciant, i no ser\u00e0 responsable encara que aquests anuncis puguin ser indexats per altres cercadors aliens a aquesta web.<\/p><p class=\"p2\">El prestador no es responsabilitza de la informaci\u00f3 i continguts emmagatzemats, a t\u00edtol enunciatiu per\u00f2 no limitatiu, en f\u00f2rums, xats, generadors de blogs, comentaris, xarxes socials o qualsevol altre mitj\u00e0 que permeti a tercers publicar continguts de manera independent a la p\u00e0gina web del prestador. No obstant aix\u00f2, i en compliment del que disposen els arts. 11 i 16 de la LSSICE, el prestador es posa a disposici\u00f3 de tots els usuaris, autoritats i forces de seguretat, col\u00b7laborant de forma activa en la retirada o, quan sigui necessari, el bloqueig de tots aquells continguts que puguin afectar o contravenir la legislaci\u00f3 nacional o internacional, drets de tercers o la moral i l\u2019ordre p\u00fablic. En cas que l\u2019usuari consideri que pot existir algun contingut que pugui ser susceptible d\u2019aquesta classificaci\u00f3, es prega notificar-ho de manera immediata a l\u2019administrador del lloc web.<\/p><p class=\"p2\">Tanmateix, JORDI BOV\u00c9 S\u00c1NCHEZ informa que qualsevol relaci\u00f3 contractual o extracontractual que l\u2019usuari formalitzi amb aquests tercers, afiliats o anunciants mitjan\u00e7ant el link proporcionat per aquesta web, ser\u00e0 v\u00e0lida \u00fanicament i exclusivament entre l\u2019usuari i l\u2019anunciant i\/o tercera persona, i JORDI BOV\u00c9 S\u00c1NCHEZ no tindr\u00e0 cap tipus de responsabilitat sobre els danys o perjudicis que puguin ser ocasionats per la prestaci\u00f3 de serveis i\/o relacions contractuals o extracontractuals realitzades entre l\u2019usuari i els anunciants o tercers contactats a trav\u00e9s d\u2019aquest portal, ja que el prestador nom\u00e9s actua com a intermediari o mitj\u00e0 publicitari.<\/p><p class=\"p3\"><b>6. PROTECCI\u00d3 DE DADES PERSONALS<\/b><\/p><p class=\"p2\">El prestador est\u00e0 profundament comprom\u00e8s amb el compliment de la normativa de protecci\u00f3 de dades personals i garanteix el compliment \u00edntegre de les obligacions disposades, aix\u00ed com la implementaci\u00f3 de les mesures de seguretat establertes pel Reglament Europeu de Protecci\u00f3 de Dades i la normativa espanyola de protecci\u00f3 de dades. Per a m\u00e9s informaci\u00f3, consulteu la nostra Pol\u00edtica de Privacitat.<\/p><p class=\"p3\"><b>7. PROPIETAT INTEL\u00b7LECTUAL I INDUSTRIAL<\/b><\/p><p class=\"p2\">El lloc web, incloent-hi, a t\u00edtol enunciatiu per\u00f2 no limitatiu, la programaci\u00f3, edici\u00f3, compilaci\u00f3 i altres elements necessaris per al seu funcionament, els dissenys, logotips, textos, fotografies i\/o gr\u00e0fics s\u00f3n propietat del prestador o, si escau, disposa de la llic\u00e8ncia o autoritzaci\u00f3 expressa per part dels autors. Tots els continguts del lloc web estan degudament protegits per la normativa de propietat intel\u00b7lectual i industrial.<\/p><p class=\"p2\">Independentment de la finalitat per la qual fossin destinats, la reproducci\u00f3 total o parcial, \u00fas, distribuci\u00f3 i comunicaci\u00f3 p\u00fablica requereixen l\u2019autoritzaci\u00f3 escrita pr\u00e8via per part del prestador. Qualsevol \u00fas no autoritzat pr\u00e8viament per part del prestador ser\u00e0 considerat un incompliment greu dels drets de propietat intel\u00b7lectual o industrial de l\u2019autor.<\/p><p class=\"p2\">Els dissenys, logotips, textos i\/o gr\u00e0fics aliens al prestador i que puguin apar\u00e8ixer al lloc web, pertanyen als seus respectius propietaris, essent ells mateixos responsables de qualsevol possible controv\u00e8rsia que pogu\u00e9s sorgir respecte als mateixos. En tot cas, el prestador compta amb l\u2019autoritzaci\u00f3 expressa i pr\u00e8via per part d\u2019aquests.<\/p><p class=\"p2\">El prestador reconeix a favor dels seus titulars els corresponents drets de propietat industrial i intel\u00b7lectual, no implicant la menci\u00f3 o aparici\u00f3 al lloc web, l\u2019exist\u00e8ncia de drets o cap responsabilitat del prestador sobre els mateixos, com tampoc suport, patrocini o recomanaci\u00f3 per part del mateix.<\/p><p class=\"p2\">Per realitzar qualsevol tipus d\u2019observaci\u00f3 respecte a possibles incompliments dels drets de propietat intel\u00b7lectual o industrial, aix\u00ed com sobre qualsevol dels continguts del lloc web, podeu fer-ho a trav\u00e9s del correu electr\u00f2nic ressenyat m\u00e9s amunt.<\/p><p class=\"p3\"><b>8. LLEI APLICABLE I JURISDICCI\u00d3<\/b><\/p><p class=\"p2\">Per a la resoluci\u00f3 de les controv\u00e8rsies o q\u00fcestions relacionades amb aquesta p\u00e0gina web o de les activitats desenvolupades en aquesta, ser\u00e0 d\u2019aplicaci\u00f3 la legislaci\u00f3 espanyola, a la qual se sotmeten expressament les parts, essent competents per a la resoluci\u00f3 de tots els conflictes derivats o relacionats amb el seu \u00fas els Jutjats i Tribunals de Barcelona.<\/p><\/div><\/div><\/div><\/div><\/div><\/div><\/div><\/div><\/div><\/div><\/div><\/div>\t\t\t\t\t\t\t\t<\/div>\n\t\t\t\t<\/div>\n\t\t\t\t\t<\/div>\n\t\t<\/div>\n\t\t\t\t\t<\/div>\n\t\t<\/section>\n\t\t\t\t<section class=\"elementor-section elementor-top-section elementor-element elementor-element-2a7b26b elementor-section-boxed elementor-section-height-default elementor-section-height-default\" data-id=\"2a7b26b\" data-element_type=\"section\" data-settings=\"{&quot;background_background&quot;:&quot;classic&quot;}\">\n\t\t\t\t\t\t<div class=\"elementor-container elementor-column-gap-default\">\n\t\t\t\t\t<div class=\"elementor-column elementor-col-100 elementor-top-column elementor-element elementor-element-a67b2c8\" data-id=\"a67b2c8\" data-element_type=\"column\">\n\t\t\t<div class=\"elementor-widget-wrap elementor-element-populated\">\n\t\t\t\t\t\t<div class=\"elementor-element elementor-element-0b99650 elementor-widget elementor-widget-spacer\" data-id=\"0b99650\" data-element_type=\"widget\" data-widget_type=\"spacer.default\">\n\t\t\t\t<div class=\"elementor-widget-container\">\n\t\t\t\t\t\t\t<div class=\"elementor-spacer\">\n\t\t\t<div class=\"elementor-spacer-inner\"><\/div>\n\t\t<\/div>\n\t\t\t\t\t\t<\/div>\n\t\t\t\t<\/div>\n\t\t\t\t\t<\/div>\n\t\t<\/div>\n\t\t\t\t\t<\/div>\n\t\t<\/section>\n\t\t\t\t<\/div>","protected":false},"excerpt":{"rendered":"<p>AV\u00cdS LEGAL Amb la finalitat de donar compliment a l\u2019article 10 de la Llei 34\/2002 de Serveis de la Societat de la Informaci\u00f3 i del Comer\u00e7 Electr\u00f2nic, informem els usuaris de les nostres dades: Denominaci\u00f3 Social: JORDI BOV\u00c9 S\u00c1NCHEZDomicili Social: CARRER VENE\u00c7UELA 16 3R 3A, 08019 BARCELONA (Barcelona)NIF: 47768554STel\u00e8fon: 638313285E-Mail: duwey123@gmail.comLloc Web: https:\/\/www.learnwithjordi.com 1. OBJECTE &#8230; <a title=\"Av\u00eds legal\" class=\"read-more\" href=\"https:\/\/learnwithjordi.com\/es\/avis-legal\/\" aria-label=\"Leer m\u00e1s sobre Av\u00eds legal\">Leer m\u00e1s<\/a><\/p>","protected":false},"author":1,"featured_media":0,"parent":0,"menu_order":0,"comment_status":"closed","ping_status":"closed","template":"elementor_header_footer","meta":{"footnotes":""},"class_list":["post-190","page","type-page","status-publish"],"_links":{"self":[{"href":"https:\/\/learnwithjordi.com\/es\/wp-json\/wp\/v2\/pages\/190","targetHints":{"allow":["GET"]}}],"collection":[{"href":"https:\/\/learnwithjordi.com\/es\/wp-json\/wp\/v2\/pages"}],"about":[{"href":"https:\/\/learnwithjordi.com\/es\/wp-json\/wp\/v2\/types\/page"}],"author":[{"embeddable":true,"href":"https:\/\/learnwithjordi.com\/es\/wp-json\/wp\/v2\/users\/1"}],"replies":[{"embeddable":true,"href":"https:\/\/learnwithjordi.com\/es\/wp-json\/wp\/v2\/comments?post=190"}],"version-history":[{"count":0,"href":"https:\/\/learnwithjordi.com\/es\/wp-json\/wp\/v2\/pages\/190\/revisions"}],"wp:attachment":[{"href":"https:\/\/learnwithjordi.com\/es\/wp-json\/wp\/v2\/media?parent=190"}],"curies":[{"name":"wp","href":"https:\/\/api.w.org\/{rel}","templated":true}]}}