{"id":200,"date":"2025-07-21T08:58:11","date_gmt":"2025-07-21T08:58:11","guid":{"rendered":"https:\/\/learnwithjordi.com\/?post_type=product&#038;p=200"},"modified":"2025-07-21T09:06:57","modified_gmt":"2025-07-21T09:06:57","slug":"paquet-5-classes","status":"publish","type":"product","link":"https:\/\/learnwithjordi.com\/es\/producto\/paquet-5-classes\/","title":{"rendered":"Paquet 5 classes"},"content":{"rendered":"<p data-start=\"169\" data-end=\"380\"><strong data-start=\"169\" data-end=\"262\">Descobreix una nova manera d\u2019aprendre idiomes amb una classe personalitzada de 60 minuts.<\/strong><br data-start=\"262\" data-end=\"265\" \/>Ideal si vols provar abans de comprometre\u2019t amb un curs complet, millorar aspectes concrets o avan\u00e7ar al teu ritme.<\/p>\n<p data-start=\"382\" data-end=\"415\"><strong>Qu\u00e8 inclou aquesta classe?<\/strong><\/p>\n<ul>\n<li data-start=\"418\" data-end=\"498\">\ud83e\uddd1\u200d\ud83c\udfeb 1 hora de classe en directe amb un professor nadiu o altament qualificat<\/li>\n<li data-start=\"501\" data-end=\"580\">\ud83c\udfaf Enfocament 100% personalitzat segons el teu nivell, interessos i objectius<\/li>\n<li data-start=\"583\" data-end=\"612\">\ud83d\udcda Material did\u00e0ctic incl\u00f2s<\/li>\n<li data-start=\"583\" data-end=\"612\">\ud83d\udcac Pr\u00e0ctica real de conversa, gram\u00e0tica, comprensi\u00f3 i m\u00e9s<\/li>\n<\/ul>\n<p><strong>Idiomes disponibles: <\/strong>Angl\u00e8s, catal\u00e0, castell\u00e0.<\/p>\n<p data-start=\"778\" data-end=\"795\"><strong>Ideal per a:<\/strong><\/p>\n<ul>\n<li data-start=\"798\" data-end=\"843\">Principiants que volen comen\u00e7ar des de zero<\/li>\n<li data-start=\"846\" data-end=\"903\">Estudiants que necessiten suport escolar o universitari<\/li>\n<li data-start=\"906\" data-end=\"952\">Professionals que volen millorar la flu\u00efdesa<\/li>\n<li data-start=\"955\" data-end=\"1010\">Viatgers que es preparen per a la seva pr\u00f2xima aventura<\/li>\n<\/ul>\n<p data-start=\"1017\" data-end=\"1075\"><strong data-start=\"1017\" data-end=\"1075\">Reserva ara i fes el primer pas cap al teu nou idioma!<\/strong><\/p>","protected":false},"excerpt":{"rendered":"<p>Descobreix una nova manera d\u2019aprendre idiomes amb una classe personalitzada de 60 minuts.Ideal si vols provar abans de comprometre\u2019t amb un curs complet, millorar aspectes concrets o avan\u00e7ar al teu ritme. Qu\u00e8 inclou aquesta classe? \ud83e\uddd1\u200d\ud83c\udfeb 1 hora de classe en directe amb un professor nadiu o altament qualificat \ud83c\udfaf Enfocament 100% personalitzat segons el &#8230; <a title=\"Paquet 5 classes\" class=\"read-more\" href=\"https:\/\/learnwithjordi.com\/es\/producto\/paquet-5-classes\/\" aria-label=\"Leer m\u00e1s sobre Paquet 5 classes\">Leer m\u00e1s<\/a><\/p>","protected":false},"featured_media":44,"comment_status":"open","ping_status":"closed","template":"","meta":[],"product_brand":[],"product_cat":[21],"product_tag":[],"class_list":{"0":"post-200","1":"product","2":"type-product","3":"status-publish","4":"has-post-thumbnail","6":"product_cat-sin-categorizar","8":"first","9":"instock","10":"virtual","11":"purchasable","12":"product-type-simple"},"_links":{"self":[{"href":"https:\/\/learnwithjordi.com\/es\/wp-json\/wp\/v2\/product\/200","targetHints":{"allow":["GET"]}}],"collection":[{"href":"https:\/\/learnwithjordi.com\/es\/wp-json\/wp\/v2\/product"}],"about":[{"href":"https:\/\/learnwithjordi.com\/es\/wp-json\/wp\/v2\/types\/product"}],"replies":[{"embeddable":true,"href":"https:\/\/learnwithjordi.com\/es\/wp-json\/wp\/v2\/comments?post=200"}],"wp:featuredmedia":[{"embeddable":true,"href":"https:\/\/learnwithjordi.com\/es\/wp-json\/wp\/v2\/media\/44"}],"wp:attachment":[{"href":"https:\/\/learnwithjordi.com\/es\/wp-json\/wp\/v2\/media?parent=200"}],"wp:term":[{"taxonomy":"product_brand","embeddable":true,"href":"https:\/\/learnwithjordi.com\/es\/wp-json\/wp\/v2\/product_brand?post=200"},{"taxonomy":"product_cat","embeddable":true,"href":"https:\/\/learnwithjordi.com\/es\/wp-json\/wp\/v2\/product_cat?post=200"},{"taxonomy":"product_tag","embeddable":true,"href":"https:\/\/learnwithjordi.com\/es\/wp-json\/wp\/v2\/product_tag?post=200"}],"curies":[{"name":"wp","href":"https:\/\/api.w.org\/{rel}","templated":true}]}}